{"id":12265,"date":"2017-01-06T12:27:23","date_gmt":"2017-01-06T11:27:23","guid":{"rendered":"http:\/\/la76.at\/?page_id=12265"},"modified":"2020-08-02T22:06:22","modified_gmt":"2020-08-02T20:06:22","slug":"welcome","status":"publish","type":"page","link":"http:\/\/la76.at\/","title":{"rendered":"Welcome"},"content":{"rendered":"<p>[vc_row anchor=&#8221;start&#8221; bg_type=&#8221;bg_color&#8221; bg_color_value=&#8221;#252a2d&#8221;][vc_column]\t\t\t\r\n\t\t\t<div id=\"dfd-scrolling-effect-69f3eb451a914\" class=\"dfd-scrolling-effect-module \">\r\n\t\t\t\t\r\n\t\t\t\t<div class=\"dfd-scrolling-effect-item\">\r\n\t\t\t\t\r\n\t\t\t\t\t<div class=\"dfd-scaling-image dfd-same-bg\"><\/div>\r\n\t\t\t\t\t<div class=\"dfd-appearing-image dfd-same-bg\"><img decoding=\"async\" src=\"http:\/\/la76.at\/wp-content\/uploads\/2017\/04\/1.jpg\" alt=\"image holder\" style=\"visibility: hidden;\" \/><\/div>\r\n\t\t\t\t\r\n\t\t\t\t<\/div>\r\n\t\t\t\t\r\n\t\t\t\t<script type=\"text\/javascript\">\r\n\t\t\t\t\t(function($) {\r\n\t\t\t\t\t\t$(document).ready(function() {\r\n\t\t\t\t\t\t\t\r\n\t\t\t\t\t\t\t\t\t\t\t\t\t\t\t$('head').append('<style type=\"text\/css\">#dfd-scrolling-effect-69f3eb451a914 .dfd-same-bg {background-image: url(http:\/\/la76.at\/wp-content\/uploads\/2017\/04\/1.jpg);}#dfd-scrolling-effect-69f3eb451a914 .dfd-scaling-image {\\n\t\t\t\t\t\t\ttop: 50%;\\n\t\t\t\t\t\t\twidth: 2048px;\\n\t\t\t\t\t\t\theight: 1365px;\\n\t\t\t\t\t\t\tmargin-left: -1024px;\\n\t\t\t\t\t\t\tmargin-top: -682.5px;\\n\t\t\t\t\t\t}\\n\t\t\t\t\t\t#dfd-scrolling-effect-69f3eb451a914 .dfd-appearing-image {\\n\t\t\t\t\t\t\twidth: 614.4px;\\n\t\t\t\t\t\t\theight: 409.5px;\\n\t\t\t\t\t\t\tmargin-top: 682.5px;\\n\t\t\t\t\t\t}<\/style>');\r\n\t\t\t\t\t\t\t\t\t\t\t\t\t\t\r\n\t\t\t\t\t\t\tif(!Modernizr.touch) {\r\n\t\t\t\t\t\t\t\tvar $window = $(window),\r\n\t\t\t\t\t\t\t\t\t$container = $('#dfd-scrolling-effect-69f3eb451a914'),\r\n\t\t\t\t\t\t\t\t\tel = $('.dfd-scaling-image', $container),\r\n\t\t\t\t\t\t\t\t\tmac = $('.dfd-appearing-image', $container),\r\n\t\t\t\t\t\t\t\t\toffset = mac.offset();\r\n\r\n\t\t\t\t\t\t\t\t$window.on('scroll', function() {\r\n\t\t\t\t\t\t\t\t\tvar windowTop = $window.scrollTop(),\r\n\t\t\t\t\t\t\t\t\t\tscrollPercent = (offset.top - windowTop) \/ offset.top,\r\n\t\t\t\t\t\t\t\t\t\tscale = 'scale(' + scrollPercent + ')';\r\n\r\n\t\t\t\t\t\t\t\t\tel.css('transform', scale);\r\n\r\n\t\t\t\t\t\t\t\t\tif (scrollPercent <= .3) {\r\n\t\t\t\t\t\t\t\t\t\tel.hide();\r\n\t\t\t\t\t\t\t\t\t\tmac.css('opacity',1);\r\n\t\t\t\t\t\t\t\t\t} else {\r\n\t\t\t\t\t\t\t\t\t\tel.show();\r\n\t\t\t\t\t\t\t\t\t\tmac.css('opacity',0);\r\n\t\t\t\t\t\t\t\t\t}\r\n\t\t\t\t\t\t\t\t});\r\n\t\t\t\t\t\t\t}\r\n\t\t\t\t\t\t});\r\n\t\t\t\t\t})(jQuery);\r\n\t\t\t\t<\/script>\r\n\t\t\t\t\r\n\t\t\t<\/div>\r\n\t\t\t<div id=\"info-box-69f3eb451b9e3\" class=\"aio-icon-component   style_1\"><div class=\"aio-icon-box default-icon  cr-animate-gen\" data-animate-type = \"transition.expandIn\"  style=\"\"><div class=\"aio-icon-default\"><div class=\"align-icon\" style=\"text-align: center;\"><\/div><\/div><div class=\"aio-icon-description\" style=\"font-size:26px;color:#ffffff;\"><p style=\"text-align: center;\">Willkommen auf LA76.at<\/p>\n<\/div> <!-- description --><\/div> <!-- aio-icon-box --><\/div> <!-- aio-icon-component --><div class=\"ult-spacer spacer-69f3eb451bab8\" data-id=\"69f3eb451bab8\" data-height=\"30\" data-height-mobile=\"25\" data-height-tab=\"20\" style=\"clear:both;display:block;\"><\/div>[\/vc_column][\/vc_row][vc_row anchor=&#8221;videos&#8221; dfd_row_config=&#8221;full_width_content&#8221; enable_overlay=&#8221;off&#8221; ult_hide_row=&#8221;off&#8221; css=&#8221;.vc_custom_1449318320720{padding-right: 0px !important;padding-left: 0px !important;background-color: #cccccc !important;}&#8221;][vc_column]<div class=\"ult-spacer spacer-69f3eb451bac8\" data-id=\"69f3eb451bac8\" data-height=\"100\" data-height-mobile=\"40\" data-height-tab=\"50\" style=\"clear:both;display:block;\"><\/div><div id=\"ultimate-heading69f3eb451bd3f\" class=\"uvc-heading dfd-delim-middle   heading-config-top dfd-enable-resposive-headings\"  data-hspacer=\"icon_only\"  data-halign=\"center\" style=\"text-align:center\"><h5 class=\"widget-title\">Videos<\/h5><div class=\"uvc-heading-spacer icon_only\" style=\"\"><div class=\"align-icon\" style=\"text-align: center;\">\n<div class=\"aio-icon-img  \" style=\"font-size:534px;display:inline-block !important;\" >\n\t<img decoding=\"async\" class=\"img-icon\" alt=\"\" src=\"http:\/\/la76.at\/wp-content\/uploads\/2015\/11\/la76_spacer.png\"\/>\n<\/div><\/div><\/div><div class=\"uvc-sub-heading\"><h3 class=\"widget-sub-title\">Check out the latest YouTube submissions.<\/h3><\/div><\/div><div class=\"ult-spacer spacer-69f3eb451bd64\" data-id=\"69f3eb451bd64\" data-height=\"30\" data-height-mobile=\"25\" data-height-tab=\"20\" style=\"clear:both;display:block;\"><\/div><div id=\"info-box-69f3eb451bd79\" class=\"aio-icon-component   style_1\"><div class=\"aio-icon-box default-icon \"  style=\"\"><div class=\"aio-icon-default\"><div class=\"align-icon\" style=\"text-align: center;\"><\/div><\/div><div class=\"aio-icon-description\" style=\"\"><p style=\"text-align: center;\">Hier findet Ihr die aktuellen Videos von meinen Ring Ausfl\u00fcgen. Alle Videos auf meinem YouTube Kanal. Nat\u00fcrlich w\u00fcrde ich mich \u00fcber ein Like, Kommentar oder Abo freuen. ;-)<\/p>\n<\/div> <!-- description --><\/div> <!-- aio-icon-box --><\/div> <!-- aio-icon-component --><div class=\"ult-spacer spacer-69f3eb451bde3\" data-id=\"69f3eb451bde3\" data-height=\"20\" data-height-mobile=\"12\" data-height-tab=\"15\" style=\"clear:both;display:block;\"><\/div>[\/vc_column][\/vc_row][vc_row bg_check=&#8221;row-background-dark&#8221; dfd_row_config=&#8221;full_width_content&#8221; enable_overlay=&#8221;off&#8221; ult_hide_row=&#8221;off&#8221; css=&#8221;.vc_custom_1451760877913{padding-right: 15% !important;padding-left: 15% !important;background-color: #252a2d !important;}&#8221;][vc_column][vc_column_text]<div class=\"epyt-gallery\" data-currpage=\"1\" id=\"epyt_gallery_38918\"><iframe loading=\"lazy\"  id=\"_ytid_29152\"  width=\"1200\" height=\"675\"  data-origwidth=\"1200\" data-origheight=\"675\" src=\"https:\/\/www.youtube.com\/embed\/1npEekuvfQg?enablejsapi=1&autoplay=0&cc_load_policy=0&cc_lang_pref=&iv_load_policy=1&loop=0&rel=1&fs=1&playsinline=0&autohide=2&theme=dark&color=red&controls=1&disablekb=0&\" class=\"__youtube_prefs__  no-lazyload\" title=\"YouTube player\"  data-epytgalleryid=\"epyt_gallery_38918\"  allow=\"fullscreen; accelerometer; autoplay; clipboard-write; encrypted-media; gyroscope; picture-in-picture; web-share\" referrerpolicy=\"strict-origin-when-cross-origin\" allowfullscreen data-no-lazy=\"1\" data-skipgform_ajax_framebjll=\"\"><\/iframe><div class=\"epyt-gallery-list\"><div class=\"epyt-pagination \"><div tabindex=\"0\" role=\"button\" class=\"epyt-pagebutton epyt-prev  hide \" data-playlistid=\"UU2ZDYRs5akHYh02R-PsZuog\" data-pagesize=\"6\" data-pagetoken=\"\" data-epcolumns=\"3\" data-showtitle=\"1\" data-showpaging=\"1\" data-autonext=\"0\" data-thumbplay=\"1\"><div class=\"epyt-arrow\">&laquo;<\/div> <div>Back<\/div><\/div><div class=\"epyt-pagenumbers \"><div class=\"epyt-current\">1<\/div><div class=\"epyt-pageseparator\"> \/ <\/div><div class=\"epyt-totalpages\">12<\/div><\/div><div tabindex=\"0\" role=\"button\" class=\"epyt-pagebutton epyt-next\" data-playlistid=\"UU2ZDYRs5akHYh02R-PsZuog\" data-pagesize=\"6\" data-pagetoken=\"EAAaHlBUOkNBWWlFRFV6TWtKQ01FSTBNakpHUWtNM1JVTQ\" data-epcolumns=\"3\" data-showtitle=\"1\" data-showpaging=\"1\" data-autonext=\"0\" data-thumbplay=\"1\"><div>Next<\/div> <div class=\"epyt-arrow\">&raquo;<\/div><\/div><div class=\"epyt-loader\"><img loading=\"lazy\" decoding=\"async\" alt=\"loading\" width=\"16\" height=\"11\" src=\"http:\/\/la76.at\/wp-content\/plugins\/youtube-embed-plus\/images\/gallery-page-loader.gif\"><\/div><\/div><div class=\"epyt-gallery-allthumbs  epyt-cols-3 \"><div tabindex=\"0\" role=\"button\" data-videoid=\"1npEekuvfQg\" class=\"epyt-gallery-thumb\"><div class=\"epyt-gallery-img-box\"><div class=\"epyt-gallery-img\" style=\"background-image: url(https:\/\/i.ytimg.com\/vi\/1npEekuvfQg\/hqdefault.jpg)\"><div class=\"epyt-gallery-playhover\"><img loading=\"lazy\" decoding=\"async\" alt=\"play\" class=\"epyt-play-img\" width=\"30\" height=\"23\" src=\"http:\/\/la76.at\/wp-content\/plugins\/youtube-embed-plus\/images\/playhover.png\" data-no-lazy=\"1\" data-skipgform_ajax_framebjll=\"\" \/><div class=\"epyt-gallery-playcrutch\"><\/div><\/div><\/div><\/div><div class=\"epyt-gallery-title\">Pitbike Action in Nagycenk MX Enduro<\/div><\/div><div tabindex=\"0\" role=\"button\" data-videoid=\"qvsHHiCi-to\" class=\"epyt-gallery-thumb\"><div class=\"epyt-gallery-img-box\"><div class=\"epyt-gallery-img\" style=\"background-image: url(https:\/\/i.ytimg.com\/vi\/qvsHHiCi-to\/hqdefault.jpg)\"><div class=\"epyt-gallery-playhover\"><img loading=\"lazy\" decoding=\"async\" alt=\"play\" class=\"epyt-play-img\" width=\"30\" height=\"23\" src=\"http:\/\/la76.at\/wp-content\/plugins\/youtube-embed-plus\/images\/playhover.png\" data-no-lazy=\"1\" data-skipgform_ajax_framebjll=\"\" \/><div class=\"epyt-gallery-playcrutch\"><\/div><\/div><\/div><\/div><div class=\"epyt-gallery-title\">Stolzer VATER #motocross #dirtbike #pitbike<\/div><\/div><div tabindex=\"0\" role=\"button\" data-videoid=\"AodT26rGEkQ\" class=\"epyt-gallery-thumb\"><div class=\"epyt-gallery-img-box\"><div class=\"epyt-gallery-img\" style=\"background-image: url(https:\/\/i.ytimg.com\/vi\/AodT26rGEkQ\/hqdefault.jpg)\"><div class=\"epyt-gallery-playhover\"><img loading=\"lazy\" decoding=\"async\" alt=\"play\" class=\"epyt-play-img\" width=\"30\" height=\"23\" src=\"http:\/\/la76.at\/wp-content\/plugins\/youtube-embed-plus\/images\/playhover.png\" data-no-lazy=\"1\" data-skipgform_ajax_framebjll=\"\" \/><div class=\"epyt-gallery-playcrutch\"><\/div><\/div><\/div><\/div><div class=\"epyt-gallery-title\">Perfekter Vater - Sohn Tag in Ungarn #pitbike # #motocross #dirtbike #bikelife #ycf #enduro<\/div><\/div><div class=\"epyt-gallery-rowbreak\"><\/div><div tabindex=\"0\" role=\"button\" data-videoid=\"wZfFz3uTOhI\" class=\"epyt-gallery-thumb\"><div class=\"epyt-gallery-img-box\"><div class=\"epyt-gallery-img\" style=\"background-image: url(https:\/\/i.ytimg.com\/vi\/wZfFz3uTOhI\/hqdefault.jpg)\"><div class=\"epyt-gallery-playhover\"><img loading=\"lazy\" decoding=\"async\" alt=\"play\" class=\"epyt-play-img\" width=\"30\" height=\"23\" src=\"http:\/\/la76.at\/wp-content\/plugins\/youtube-embed-plus\/images\/playhover.png\" data-no-lazy=\"1\" data-skipgform_ajax_framebjll=\"\" \/><div class=\"epyt-gallery-playcrutch\"><\/div><\/div><\/div><\/div><div class=\"epyt-gallery-title\">Pitbiken Moto X Jungle Himberg 2024<\/div><\/div><div tabindex=\"0\" role=\"button\" data-videoid=\"kIG683fOGZ4\" class=\"epyt-gallery-thumb\"><div class=\"epyt-gallery-img-box\"><div class=\"epyt-gallery-img\" style=\"background-image: url(https:\/\/i.ytimg.com\/vi\/kIG683fOGZ4\/hqdefault.jpg)\"><div class=\"epyt-gallery-playhover\"><img loading=\"lazy\" decoding=\"async\" alt=\"play\" class=\"epyt-play-img\" width=\"30\" height=\"23\" src=\"http:\/\/la76.at\/wp-content\/plugins\/youtube-embed-plus\/images\/playhover.png\" data-no-lazy=\"1\" data-skipgform_ajax_framebjll=\"\" \/><div class=\"epyt-gallery-playcrutch\"><\/div><\/div><\/div><\/div><div class=\"epyt-gallery-title\">Just for FUN<\/div><\/div><div tabindex=\"0\" role=\"button\" data-videoid=\"HpsgfQ6Mp48\" class=\"epyt-gallery-thumb\"><div class=\"epyt-gallery-img-box\"><div class=\"epyt-gallery-img\" style=\"background-image: url(https:\/\/i.ytimg.com\/vi\/HpsgfQ6Mp48\/hqdefault.jpg)\"><div class=\"epyt-gallery-playhover\"><img loading=\"lazy\" decoding=\"async\" alt=\"play\" class=\"epyt-play-img\" width=\"30\" height=\"23\" src=\"http:\/\/la76.at\/wp-content\/plugins\/youtube-embed-plus\/images\/playhover.png\" data-no-lazy=\"1\" data-skipgform_ajax_framebjll=\"\" \/><div class=\"epyt-gallery-playcrutch\"><\/div><\/div><\/div><\/div><div class=\"epyt-gallery-title\">123 Runden Rennen 2020 \/\/ Stardesign-Racing<\/div><\/div><div class=\"epyt-gallery-rowbreak\"><\/div><div class=\"epyt-gallery-clear\"><\/div><\/div><div class=\"epyt-pagination \"><div tabindex=\"0\" role=\"button\" class=\"epyt-pagebutton epyt-prev  hide \" data-playlistid=\"UU2ZDYRs5akHYh02R-PsZuog\" data-pagesize=\"6\" data-pagetoken=\"\" data-epcolumns=\"3\" data-showtitle=\"1\" data-showpaging=\"1\" data-autonext=\"0\" data-thumbplay=\"1\"><div class=\"epyt-arrow\">&laquo;<\/div> <div>Back<\/div><\/div><div class=\"epyt-pagenumbers \"><div class=\"epyt-current\">1<\/div><div class=\"epyt-pageseparator\"> \/ <\/div><div class=\"epyt-totalpages\">12<\/div><\/div><div tabindex=\"0\" role=\"button\" class=\"epyt-pagebutton epyt-next\" data-playlistid=\"UU2ZDYRs5akHYh02R-PsZuog\" data-pagesize=\"6\" data-pagetoken=\"EAAaHlBUOkNBWWlFRFV6TWtKQ01FSTBNakpHUWtNM1JVTQ\" data-epcolumns=\"3\" data-showtitle=\"1\" data-showpaging=\"1\" data-autonext=\"0\" data-thumbplay=\"1\"><div>Next<\/div> <div class=\"epyt-arrow\">&raquo;<\/div><\/div><div class=\"epyt-loader\"><img loading=\"lazy\" decoding=\"async\" alt=\"loading\" width=\"16\" height=\"11\" src=\"http:\/\/la76.at\/wp-content\/plugins\/youtube-embed-plus\/images\/gallery-page-loader.gif\"><\/div><\/div><\/div><\/div>[\/vc_column_text]<div class=\"ult-spacer spacer-69f3eb45f05fd\" data-id=\"69f3eb45f05fd\" data-height=\"35\" data-height-mobile=\"15\" data-height-tab=\"25\" style=\"clear:both;display:block;\"><\/div>[\/vc_column][\/vc_row][vc_row bg_check=&#8221;row-background-dark&#8221; css=&#8221;.vc_custom_1447619193574{background-color: #cccccc !important;}&#8221;][vc_column css=&#8221;.vc_custom_1596398767655{background-color: #cccccc !important;}&#8221; offset=&#8221;vc_hidden-lg vc_hidden-md vc_hidden-sm vc_hidden-xs&#8221;]<div class=\"ult-spacer spacer-69f3eb45f060e\" data-id=\"69f3eb45f060e\" data-height=\"35\" data-height-mobile=\"15\" data-height-tab=\"25\" style=\"clear:both;display:block;\"><\/div>[vc_row_inner css=&#8221;.vc_custom_1449327228077{padding-right: 20% !important;padding-left: 20% !important;}&#8221;][vc_column_inner width=&#8221;1\/3&#8243;]<a href=\"https:\/\/www.facebook.com\/LA76moto\" title=\"LA76 @ Facebook\" target=\" _blank\" class=\"cq-sticker-link\"><div class=\"cq-sticker\" data-backgroundtype=\"solid\" data-backgroundcolor=\"#43609c\" data-gradientcolor=\"\" data-image=\"\" data-icon=\"fa fa-facebook\" data-size=\"85px\" data-fontsize=\"4em\" data-fontcolor=\"\" data-elementmargin=\"\" data-shadowopacity=\"0.8\"><\/div><\/a>[\/vc_column_inner][vc_column_inner width=&#8221;1\/3&#8243;]<a href=\"https:\/\/www.instagram.com\/l.a._76\/\" title=\"LA76 @ Instagram\" target=\" _blank\" class=\"cq-sticker-link\"><div class=\"cq-sticker\" data-backgroundtype=\"solid\" data-backgroundcolor=\"#9f6f59\" data-gradientcolor=\"\" data-image=\"\" data-icon=\"fa fa-instagram\" data-size=\"85px\" data-fontsize=\"4em\" data-fontcolor=\"\" data-elementmargin=\"\" data-shadowopacity=\"0.8\"><\/div><\/a>[\/vc_column_inner][vc_column_inner width=&#8221;1\/3&#8243;]<a href=\"https:\/\/www.youtube.com\/channel\/UC2ZDYRs5akHYh02R-PsZuog\" title=\"LA76 @ You Tube\" target=\" _blank\" class=\"cq-sticker-link\"><div class=\"cq-sticker\" data-backgroundtype=\"solid\" data-backgroundcolor=\"#ff3333\" data-gradientcolor=\"\" data-image=\"\" data-icon=\"fa fa-youtube-square\" data-size=\"85px\" data-fontsize=\"4em\" data-fontcolor=\"\" data-elementmargin=\"\" data-shadowopacity=\"0.8\"><\/div><\/a>[\/vc_column_inner][\/vc_row_inner][\/vc_column][\/vc_row][vc_row anchor=&#8221;kontakt&#8221; bg_check=&#8221;row-background-dark&#8221; css=&#8221;.vc_custom_1449306499186{background-color: #cccccc !important;}&#8221;][vc_column offset=&#8221;vc_hidden-lg vc_hidden-md vc_hidden-sm vc_hidden-xs&#8221;][vc_row_inner css=&#8221;.vc_custom_1596398288348{background-color: #cccccc !important;}&#8221;][vc_column_inner css=&#8221;.vc_custom_1449327423299{padding-top: 25px !important;padding-right: 15% !important;padding-left: 15% !important;}&#8221;]<div class=\"ult-spacer spacer-69f3eb45f087c\" data-id=\"69f3eb45f087c\" data-height=\"50\" data-height-mobile=\"45\" data-height-tab=\"40\" style=\"clear:both;display:block;\"><\/div>[\/vc_column_inner][\/vc_row_inner][\/vc_column][\/vc_row][vc_row anchor=&#8221;kontakt&#8221; bg_check=&#8221;row-background-dark&#8221; css=&#8221;.vc_custom_1596398243276{background-color: #252a2d !important;}&#8221;][vc_column][vc_row_inner css=&#8221;.vc_custom_1596398232420{padding-right: 15% !important;padding-left: 15% !important;background-color: #252a2d !important;}&#8221;][vc_column_inner css=&#8221;.vc_custom_1449327423299{padding-top: 25px !important;padding-right: 15% !important;padding-left: 15% !important;}&#8221;]<div class=\"ult-spacer spacer-69f3eb45f0888\" data-id=\"69f3eb45f0888\" data-height=\"50\" data-height-mobile=\"45\" data-height-tab=\"40\" style=\"clear:both;display:block;\"><\/div>[\/vc_column_inner][\/vc_row_inner]\n<div class=\"wpcf7 no-js\" id=\"wpcf7-f9-o1\" lang=\"en-US\" dir=\"ltr\" data-wpcf7-id=\"9\">\n<div class=\"screen-reader-response\"><p role=\"status\" aria-live=\"polite\" aria-atomic=\"true\"><\/p> <ul><\/ul><\/div>\n<form action=\"\/index.php?rest_route=%2Fwp%2Fv2%2Fpages%2F12265#wpcf7-f9-o1\" method=\"post\" class=\"wpcf7-form init\" aria-label=\"Contact form\" novalidate=\"novalidate\" data-status=\"init\">\n<fieldset class=\"hidden-fields-container\"><input type=\"hidden\" name=\"_wpcf7\" value=\"9\" \/><input type=\"hidden\" name=\"_wpcf7_version\" value=\"6.1.5\" \/><input type=\"hidden\" name=\"_wpcf7_locale\" value=\"en_US\" \/><input type=\"hidden\" name=\"_wpcf7_unit_tag\" value=\"wpcf7-f9-o1\" \/><input type=\"hidden\" name=\"_wpcf7_container_post\" value=\"0\" \/><input type=\"hidden\" name=\"_wpcf7_posted_data_hash\" value=\"\" \/><input type=\"hidden\" name=\"_wpcf7_recaptcha_response\" value=\"\" \/>\n<\/fieldset>\n<p>Dein Name*\n<\/p>\n<p><span class=\"wpcf7-form-control-wrap\" data-name=\"your-name\"><input size=\"40\" maxlength=\"400\" minlength=\"4\" class=\"wpcf7-form-control wpcf7-text wpcf7-validates-as-required\" aria-required=\"true\" aria-invalid=\"false\" value=\"\" type=\"text\" name=\"your-name\" \/><\/span>\n<\/p>\n<p>Deine Email*\n<\/p>\n<p><span class=\"wpcf7-form-control-wrap\" data-name=\"your-email\"><input size=\"40\" maxlength=\"400\" minlength=\"10\" class=\"wpcf7-form-control wpcf7-email wpcf7-validates-as-required wpcf7-text wpcf7-validates-as-email\" aria-required=\"true\" aria-invalid=\"false\" value=\"\" type=\"email\" name=\"your-email\" \/><\/span>\n<\/p>\n<p>Subject\n<\/p>\n<p><span class=\"wpcf7-form-control-wrap\" data-name=\"your-subject\"><input size=\"40\" maxlength=\"400\" minlength=\"5\" class=\"wpcf7-form-control wpcf7-text\" aria-invalid=\"false\" value=\"\" type=\"text\" name=\"your-subject\" \/><\/span>\n<\/p>\n<p>Deine Nachricht\n<\/p>\n<p><span class=\"wpcf7-form-control-wrap\" data-name=\"your-message\"><textarea cols=\"40\" rows=\"10\" maxlength=\"2000\" minlength=\"10\" class=\"wpcf7-form-control wpcf7-textarea\" aria-invalid=\"false\" name=\"your-message\"><\/textarea><\/span>\n<\/p>\n\n<p><input class=\"wpcf7-form-control wpcf7-submit has-spinner\" type=\"submit\" value=\"Senden\" \/>\n<\/p><div class=\"wpcf7-response-output\" aria-hidden=\"true\"><\/div>\n<\/form>\n<\/div>\n[\/vc_column][\/vc_row]<\/p>\n","protected":false},"excerpt":{"rendered":"<p>[vc_row anchor=&#8221;start&#8221; bg_type=&#8221;bg_color&#8221; bg_color_value=&#8221;#252a2d&#8221;][vc_column][\/vc_column][\/vc_row][vc_row anchor=&#8221;videos&#8221; dfd_row_config=&#8221;full_width_content&#8221; enable_overlay=&#8221;off&#8221; ult_hide_row=&#8221;off&#8221; css=&#8221;.vc_custom_1449318320720{padding-right: 0px !important;padding-left: 0px !important;background-color: #cccccc !important;}&#8221;][vc_column][\/vc_column][\/vc_row][vc_row bg_check=&#8221;row-background-dark&#8221; dfd_row_config=&#8221;full_width_content&#8221; enable_overlay=&#8221;off&#8221; ult_hide_row=&#8221;off&#8221; css=&#8221;.vc_custom_1451760877913{padding-right: 15% !important;padding-left: 15% !important;background-color: #252a2d !important;}&#8221;][vc_column][vc_column_text][\/vc_column_text][\/vc_column][\/vc_row][vc_row bg_check=&#8221;row-background-dark&#8221; css=&#8221;.vc_custom_1447619193574{background-color: #cccccc !important;}&#8221;][vc_column<\/p>\n","protected":false},"author":1,"featured_media":0,"parent":0,"menu_order":0,"comment_status":"closed","ping_status":"closed","template":"page-custom.php","meta":{"_acf_changed":false,"footnotes":""},"class_list":["post-12265","page","type-page","status-publish","hentry"],"acf":[],"_links":{"self":[{"href":"http:\/\/la76.at\/index.php?rest_route=\/wp\/v2\/pages\/12265","targetHints":{"allow":["GET"]}}],"collection":[{"href":"http:\/\/la76.at\/index.php?rest_route=\/wp\/v2\/pages"}],"about":[{"href":"http:\/\/la76.at\/index.php?rest_route=\/wp\/v2\/types\/page"}],"author":[{"embeddable":true,"href":"http:\/\/la76.at\/index.php?rest_route=\/wp\/v2\/users\/1"}],"replies":[{"embeddable":true,"href":"http:\/\/la76.at\/index.php?rest_route=%2Fwp%2Fv2%2Fcomments&post=12265"}],"version-history":[{"count":42,"href":"http:\/\/la76.at\/index.php?rest_route=\/wp\/v2\/pages\/12265\/revisions"}],"predecessor-version":[{"id":12370,"href":"http:\/\/la76.at\/index.php?rest_route=\/wp\/v2\/pages\/12265\/revisions\/12370"}],"wp:attachment":[{"href":"http:\/\/la76.at\/index.php?rest_route=%2Fwp%2Fv2%2Fmedia&parent=12265"}],"curies":[{"name":"wp","href":"https:\/\/api.w.org\/{rel}","templated":true}]}}